{"id":520,"date":"2020-02-15T17:35:38","date_gmt":"2020-02-15T22:35:38","guid":{"rendered":"https:\/\/sites.generatepress.com\/abstract\/?page_id=520"},"modified":"2025-11-13T06:47:51","modified_gmt":"2025-11-13T06:47:51","slug":"qui-suis-je","status":"publish","type":"page","link":"https:\/\/gramarredi.ch\/fr\/qui-suis-je\/","title":{"rendered":"Qui suis-je"},"content":{"rendered":"<div class=\"gb-element-b8f241ac\">\n<div class=\"gb-element-ab64e731\">\n<h1 class=\"gb-text gb-text-3d4c2753\">charpentier artisanal<\/h1>\n<\/div>\n<\/div>\n\n\n\n<section class=\"gb-element-2c794eab\">\n<div class=\"gb-element-c20e4b3b\">\n<h2 class=\"gb-text gb-text-61d70bef\">Mihai Gramada<\/h2>\n\n\n\n<p>J&#039;ai \u00e9tudi\u00e9 au lyc\u00e9e industriel de Roumanie entre 1984 et 1986. Apr\u00e8s mes \u00e9tudes, j&#039;ai travaill\u00e9 pendant plusieurs ann\u00e9es comme agent de d\u00e9veloppement local pour la municipalit\u00e9 de R\u0103d\u0103u\u021bi.<\/p>\n\n\n\n<p>En 2002, je suis parti en Italie et j&#039;ai commenc\u00e9 \u00e0 travailler comme menuisier chez Madurini snc \u00e0 Lein\u00ec, pr\u00e8s de Turin. C&#039;est l\u00e0 que j&#039;ai v\u00e9ritablement appris le m\u00e9tier\u00a0: 15 ans de menuiserie traditionnelle, \u00e0 fabriquer et r\u00e9parer des meubles, des fen\u00eatres et des structures en bois.<\/p>\n\n\n\n<p>En 2017, j&#039;ai fond\u00e9 GRAMARREDI, mon entreprise de cr\u00e9ation de meubles et structures en bois sur mesure. Chaque projet est unique\u00a0: j&#039;\u00e9coute attentivement les besoins, je con\u00e7ois la solution id\u00e9ale, puis je la r\u00e9alise avec soin. Je ne produis pas en s\u00e9rie\u00a0; chaque pi\u00e8ce est con\u00e7ue pour durer.<\/p>\n\n\n\n<p>Depuis 2022, je travaille en Suisse, dans le canton de Vaud, o\u00f9 je continue \u00e0 faire ce que j&#039;aime : travailler le bois \u00e0 la main, avec pr\u00e9cision et patience.<\/p>\n\n\n\n<p>Le bois est une mati\u00e8re vivante. Le respecter, c&#039;est le conna\u00eetre, le choisir avec soin et le travailler correctement.<\/p>\n\n\n\n<a class=\"gb-text gb-text-a2e52990\" href=\"https:\/\/gramarredi.ch\/fr\/contacts\/\" target=\"_blank\" rel=\"noopener\">Contactez-moi<\/a>\n<\/div>\n\n\n\n<div class=\"gb-element-89a11713\">\n<img loading=\"lazy\" decoding=\"async\" width=\"387\" height=\"387\" class=\"gb-media-880278b9\" src=\"https:\/\/gramarredi.ch\/wp-content\/uploads\/2025\/11\/Gramada-Mihail.jpg\" alt=\"Gramada Mihail\" title=\"Gramada Mihail\" srcset=\"https:\/\/gramarredi.ch\/wp-content\/uploads\/2025\/11\/Gramada-Mihail.jpg 387w, https:\/\/gramarredi.ch\/wp-content\/uploads\/2025\/11\/Gramada-Mihail-300x300.jpg 300w, https:\/\/gramarredi.ch\/wp-content\/uploads\/2025\/11\/Gramada-Mihail-150x150.jpg 150w\" sizes=\"auto, (max-width: 387px) 100vw, 387px\" \/>\n<\/div>\n<\/section>","protected":false},"excerpt":{"rendered":"","protected":false},"author":1,"featured_media":0,"parent":0,"menu_order":0,"comment_status":"closed","ping_status":"closed","template":"","meta":{"footnotes":""},"class_list":["post-520","page","type-page","status-publish"],"_hostinger_reach_plugin_has_subscription_block":false,"_hostinger_reach_plugin_is_elementor":false,"_links":{"self":[{"href":"https:\/\/gramarredi.ch\/fr\/wp-json\/wp\/v2\/pages\/520","targetHints":{"allow":["GET"]}}],"collection":[{"href":"https:\/\/gramarredi.ch\/fr\/wp-json\/wp\/v2\/pages"}],"about":[{"href":"https:\/\/gramarredi.ch\/fr\/wp-json\/wp\/v2\/types\/page"}],"author":[{"embeddable":true,"href":"https:\/\/gramarredi.ch\/fr\/wp-json\/wp\/v2\/users\/1"}],"replies":[{"embeddable":true,"href":"https:\/\/gramarredi.ch\/fr\/wp-json\/wp\/v2\/comments?post=520"}],"version-history":[{"count":4,"href":"https:\/\/gramarredi.ch\/fr\/wp-json\/wp\/v2\/pages\/520\/revisions"}],"predecessor-version":[{"id":1307,"href":"https:\/\/gramarredi.ch\/fr\/wp-json\/wp\/v2\/pages\/520\/revisions\/1307"}],"wp:attachment":[{"href":"https:\/\/gramarredi.ch\/fr\/wp-json\/wp\/v2\/media?parent=520"}],"curies":[{"name":"wp","href":"https:\/\/api.w.org\/{rel}","templated":true}]}}