{"id":25,"date":"2020-02-13T13:17:50","date_gmt":"2020-02-13T18:17:50","guid":{"rendered":"https:\/\/sites.generatepress.com\/abstract\/?page_id=25"},"modified":"2025-11-13T07:18:30","modified_gmt":"2025-11-13T07:18:30","slug":"home","status":"publish","type":"page","link":"https:\/\/gramarredi.ch\/fr\/","title":{"rendered":"Maison"},"content":{"rendered":"<div class=\"gb-element-1db89ba2\">\n<div class=\"gb-element-a69b7056\">\n<h1 class=\"gb-text gb-text-363515d0\">Menuiserie artisanale \u2013 portfolio de projets en bois<\/h1>\n\n\n\n<a class=\"gb-text-15dcf022 smooth-scroll\" href=\"#welcome\"><span class=\"gb-text\">Meubles et structures en bois sur mesure<\/span><span class=\"gb-shape\"><svg viewbox=\"0 0 256 512\" xmlns=\"http:\/\/www.w3.org\/2000\/svg\" class=\"svg-inline--fa fa-long-arrow-alt-down fa-w-8\" data-icon=\"long-arrow-alt-down\" data-prefix=\"fas\" aria-hidden=\"true\"><path d=\"M168 345.941V44c0-6.627-5.373-12-12-12h-56c-6.627 0-12 5.373-12 12v301.941H41.941c-21.382 0-32.09 25.851-16.971 40.971l86.059 86.059c9.373 9.373 24.569 9.373 33.941 0l86.059-86.059c15.119-15.119 4.411-40.971-16.971-40.971H168z\" fill=\"currentColor\"><\/path><\/svg><\/span><\/a>\n<\/div>\n<\/div>\n\n\n\n<section class=\"gb-element-e83a4efd\" id=\"welcome\">\n<div class=\"gb-element-a3f34927\">\n<div class=\"gb-element-20cb98f8\">\n<img loading=\"lazy\" decoding=\"async\" width=\"387\" height=\"387\" class=\"gb-media-9940ec8f\" src=\"https:\/\/gramarredi.ch\/wp-content\/uploads\/2025\/11\/Gramada-Mihail.jpg\" alt=\"Gramada Mihail\" title=\"Gramada Mihail\" srcset=\"https:\/\/gramarredi.ch\/wp-content\/uploads\/2025\/11\/Gramada-Mihail.jpg 387w, https:\/\/gramarredi.ch\/wp-content\/uploads\/2025\/11\/Gramada-Mihail-300x300.jpg 300w, https:\/\/gramarredi.ch\/wp-content\/uploads\/2025\/11\/Gramada-Mihail-150x150.jpg 150w\" sizes=\"auto, (max-width: 387px) 100vw, 387px\" \/>\n<\/div>\n\n\n\n<div class=\"gb-element-564fa3d4\">\n<h2 class=\"gb-text\"><code>Plus de 20 ans d&#039;exp\u00e9rience<\/code><\/h2>\n\n\n\n<p>Je suis Mihai Gramada, menuisier sp\u00e9cialis\u00e9 dans la fabrication sur mesure de meubles et de structures en bois.<\/p>\n\n\n\n<p>Je travaille actuellement chez CR Menuiserie S\u00e0rl en Suisse, o\u00f9 je fabrique artisanalement des meubles, des portes, des escaliers et des structures en bois pour l&#039;int\u00e9rieur et l&#039;ext\u00e9rieur.<\/p>\n\n\n\n<p>J&#039;ai d\u00e9but\u00e9 ma carri\u00e8re en Italie en 2002, travaillant pendant 15 ans chez Madurini snc \u00e0 Lein\u00ec, o\u00f9 j&#039;ai appris les techniques traditionnelles de menuiserie. De 2017 \u00e0 2022, j&#039;ai dirig\u00e9 GRAMARREDI, ma propre entreprise de fabrication de meubles artisanaux \u00e0 Turin.<\/p>\n\n\n\n<p>Ce site rassemble certains des projets que j&#039;ai r\u00e9alis\u00e9s au fil des ans.<\/p>\n\n\n\n<a class=\"gb-text gb-text-3722b6c8\" href=\"https:\/\/gramarredi.ch\/fr\/qui-suis-je\/\" target=\"_blank\" rel=\"noopener\">Qui suis-je<\/a>\n<\/div>\n<\/div>\n<\/section>\n\n\n\n<section class=\"gb-element-021c9ce4\">\n<h2 class=\"gb-text gb-text-9d69b7e2\">Derni\u00e8res \u0153uvres<\/h2>\n\n\n\n<div><div class=\"gb-looper-42cae5b9\">\n<article class=\"gb-loop-item post-1277 post type-post status-publish format-standard has-post-thumbnail hentry category-uncategorized generate-columns tablet-grid-50 mobile-grid-100 grid-parent grid-50\">\n<img loading=\"lazy\" decoding=\"async\" width=\"1024\" height=\"768\" alt=\"Abri de jardin en bois sur mesure avec portes coulissantes en verre\" data-media-id=\"1278\" class=\"gb-media-10f92d98\" src=\"https:\/\/gramarredi.ch\/wp-content\/uploads\/2025\/11\/Casetta-da-giardino-in-legno-con-porte-scorrevoli-vetrate-realizzata-su-misura-1024x768.jpg\" srcset=\"https:\/\/gramarredi.ch\/wp-content\/uploads\/2025\/11\/Casetta-da-giardino-in-legno-con-porte-scorrevoli-vetrate-realizzata-su-misura-1024x768.jpg 1024w, https:\/\/gramarredi.ch\/wp-content\/uploads\/2025\/11\/Casetta-da-giardino-in-legno-con-porte-scorrevoli-vetrate-realizzata-su-misura-300x225.jpg 300w, https:\/\/gramarredi.ch\/wp-content\/uploads\/2025\/11\/Casetta-da-giardino-in-legno-con-porte-scorrevoli-vetrate-realizzata-su-misura-768x576.jpg 768w, https:\/\/gramarredi.ch\/wp-content\/uploads\/2025\/11\/Casetta-da-giardino-in-legno-con-porte-scorrevoli-vetrate-realizzata-su-misura-1536x1152.jpg 1536w, https:\/\/gramarredi.ch\/wp-content\/uploads\/2025\/11\/Casetta-da-giardino-in-legno-con-porte-scorrevoli-vetrate-realizzata-su-misura.jpg 2048w\" sizes=\"auto, (max-width: 1024px) 100vw, 1024px\" \/>\n\n\n\n<h3 class=\"gb-text gb-text-6759328d\"><a href=\"https:\/\/gramarredi.ch\/fr\/abri-de-jardin-en-bois-sur-mesure\/\">Abri de jardin en bois sur mesure<\/a><\/h3>\n<\/article>\n<\/div><\/div>\n<\/section>","protected":false},"excerpt":{"rendered":"","protected":false},"author":1,"featured_media":0,"parent":0,"menu_order":0,"comment_status":"closed","ping_status":"closed","template":"","meta":{"footnotes":""},"class_list":["post-25","page","type-page","status-publish"],"_hostinger_reach_plugin_has_subscription_block":false,"_hostinger_reach_plugin_is_elementor":false,"_links":{"self":[{"href":"https:\/\/gramarredi.ch\/fr\/wp-json\/wp\/v2\/pages\/25","targetHints":{"allow":["GET"]}}],"collection":[{"href":"https:\/\/gramarredi.ch\/fr\/wp-json\/wp\/v2\/pages"}],"about":[{"href":"https:\/\/gramarredi.ch\/fr\/wp-json\/wp\/v2\/types\/page"}],"author":[{"embeddable":true,"href":"https:\/\/gramarredi.ch\/fr\/wp-json\/wp\/v2\/users\/1"}],"replies":[{"embeddable":true,"href":"https:\/\/gramarredi.ch\/fr\/wp-json\/wp\/v2\/comments?post=25"}],"version-history":[{"count":5,"href":"https:\/\/gramarredi.ch\/fr\/wp-json\/wp\/v2\/pages\/25\/revisions"}],"predecessor-version":[{"id":1327,"href":"https:\/\/gramarredi.ch\/fr\/wp-json\/wp\/v2\/pages\/25\/revisions\/1327"}],"wp:attachment":[{"href":"https:\/\/gramarredi.ch\/fr\/wp-json\/wp\/v2\/media?parent=25"}],"curies":[{"name":"wp","href":"https:\/\/api.w.org\/{rel}","templated":true}]}}