{"id":520,"date":"2020-02-15T17:35:38","date_gmt":"2020-02-15T22:35:38","guid":{"rendered":"https:\/\/sites.generatepress.com\/abstract\/?page_id=520"},"modified":"2025-11-13T06:47:51","modified_gmt":"2025-11-13T06:47:51","slug":"wer-ich-bin","status":"publish","type":"page","link":"https:\/\/gramarredi.ch\/de\/wer-ich-bin\/","title":{"rendered":"Wer ich bin"},"content":{"rendered":"<div class=\"gb-element-b8f241ac\">\n<div class=\"gb-element-ab64e731\">\n<h1 class=\"gb-text gb-text-3d4c2753\">Handwerker-Zimmermann<\/h1>\n<\/div>\n<\/div>\n\n\n\n<section class=\"gb-element-2c794eab\">\n<div class=\"gb-element-c20e4b3b\">\n<h2 class=\"gb-text gb-text-61d70bef\">Mihai Gramada<\/h2>\n\n\n\n<p>Ich besuchte von 1984 bis 1986 die Industriegymnasium in Rum\u00e4nien. Nach meinem Studium arbeitete ich mehrere Jahre als lokaler Entwicklungsagent f\u00fcr die Gemeinde R\u0103d\u0103u\u021bi.<\/p>\n\n\n\n<p>Im Jahr 2002 zog ich nach Italien und begann bei Madurini snc in Lein\u00ec bei Turin als Schreiner zu arbeiten. Dort erlernte ich das Handwerk von Grund auf: 15 Jahre traditionelle Schreinerkunst, Bau und Reparatur von M\u00f6beln, Fenstern und Holzkonstruktionen.<\/p>\n\n\n\n<p>2017 gr\u00fcndete ich GRAMARREDI, mein Unternehmen f\u00fcr ma\u00dfgefertigte Holzm\u00f6bel und -konstruktionen. Jedes Projekt ist einzigartig: Ich h\u00f6re genau zu, was gew\u00fcnscht wird, entwerfe die optimale L\u00f6sung und fertige sie anschlie\u00dfend mit gr\u00f6\u00dfter Sorgfalt. Ich produziere nicht in Massenproduktion; jedes St\u00fcck ist auf Langlebigkeit ausgelegt.<\/p>\n\n\n\n<p>Seit 2022 arbeite ich in der Schweiz, im Kanton Waadt, wo ich weiterhin meiner Leidenschaft nachgehe: der Holzbearbeitung von Hand, mit Pr\u00e4zision und Geduld.<\/p>\n\n\n\n<p>Holz ist ein lebendiger Werkstoff. Ihn zu respektieren bedeutet, ihn kennenzulernen, ihn sorgf\u00e4ltig auszuw\u00e4hlen und ihn sachgem\u00e4\u00df zu bearbeiten.<\/p>\n\n\n\n<a class=\"gb-text gb-text-a2e52990\" href=\"https:\/\/gramarredi.ch\/de\/kontakte\/\" target=\"_blank\" rel=\"noopener\">Kontaktieren Sie mich<\/a>\n<\/div>\n\n\n\n<div class=\"gb-element-89a11713\">\n<img loading=\"lazy\" decoding=\"async\" width=\"387\" height=\"387\" class=\"gb-media-880278b9\" src=\"https:\/\/gramarredi.ch\/wp-content\/uploads\/2025\/11\/Gramada-Mihail.jpg\" alt=\"Gramada Mihail\" title=\"Gramada Mihail\" srcset=\"https:\/\/gramarredi.ch\/wp-content\/uploads\/2025\/11\/Gramada-Mihail.jpg 387w, https:\/\/gramarredi.ch\/wp-content\/uploads\/2025\/11\/Gramada-Mihail-300x300.jpg 300w, https:\/\/gramarredi.ch\/wp-content\/uploads\/2025\/11\/Gramada-Mihail-150x150.jpg 150w\" sizes=\"auto, (max-width: 387px) 100vw, 387px\" \/>\n<\/div>\n<\/section>","protected":false},"excerpt":{"rendered":"","protected":false},"author":1,"featured_media":0,"parent":0,"menu_order":0,"comment_status":"closed","ping_status":"closed","template":"","meta":{"footnotes":""},"class_list":["post-520","page","type-page","status-publish"],"_hostinger_reach_plugin_has_subscription_block":false,"_hostinger_reach_plugin_is_elementor":false,"_links":{"self":[{"href":"https:\/\/gramarredi.ch\/de\/wp-json\/wp\/v2\/pages\/520","targetHints":{"allow":["GET"]}}],"collection":[{"href":"https:\/\/gramarredi.ch\/de\/wp-json\/wp\/v2\/pages"}],"about":[{"href":"https:\/\/gramarredi.ch\/de\/wp-json\/wp\/v2\/types\/page"}],"author":[{"embeddable":true,"href":"https:\/\/gramarredi.ch\/de\/wp-json\/wp\/v2\/users\/1"}],"replies":[{"embeddable":true,"href":"https:\/\/gramarredi.ch\/de\/wp-json\/wp\/v2\/comments?post=520"}],"version-history":[{"count":4,"href":"https:\/\/gramarredi.ch\/de\/wp-json\/wp\/v2\/pages\/520\/revisions"}],"predecessor-version":[{"id":1307,"href":"https:\/\/gramarredi.ch\/de\/wp-json\/wp\/v2\/pages\/520\/revisions\/1307"}],"wp:attachment":[{"href":"https:\/\/gramarredi.ch\/de\/wp-json\/wp\/v2\/media?parent=520"}],"curies":[{"name":"wp","href":"https:\/\/api.w.org\/{rel}","templated":true}]}}